{"id":225,"date":"2017-09-08T19:35:35","date_gmt":"2017-09-08T19:35:35","guid":{"rendered":"http:\/\/empacho.net\/joelv\/?page_id=225"},"modified":"2026-01-04T05:57:31","modified_gmt":"2026-01-04T11:57:31","slug":"cv","status":"publish","type":"page","link":"https:\/\/empacho.net\/joelv\/cv\/","title":{"rendered":"Curriculum Vitae"},"content":{"rendered":"<p>[et_pb_section fb_built=&#8221;1&#8243; _builder_version=&#8221;4.16&#8243; background_color=&#8221;#ffffff&#8221; global_colors_info=&#8221;{}&#8221;][et_pb_row _builder_version=&#8221;4.16&#8243; global_colors_info=&#8221;{}&#8221;][et_pb_column type=&#8221;4_4&#8243; _builder_version=&#8221;4.16&#8243; custom_padding=&#8221;|||&#8221; global_colors_info=&#8221;{}&#8221; custom_padding__hover=&#8221;|||&#8221;][et_pb_text admin_label=&#8221;Titulo Cabecera&#8221; _builder_version=&#8221;4.16&#8243; header_font=&#8221;Abel||||||||&#8221; header_text_align=&#8221;center&#8221; header_text_color=&#8221;#79a661&#8243; header_font_size=&#8221;36px&#8221; header_letter_spacing=&#8221;3&#8243; global_colors_info=&#8221;{}&#8221;]<\/p>\n<h1>Cirriculum Vitae<\/h1>\n<p>[\/et_pb_text][\/et_pb_column][\/et_pb_row][\/et_pb_section][et_pb_section fb_built=&#8221;1&#8243; prev_background_color=&#8221;#ffffff&#8221; next_background_color=&#8221;#ffffff&#8221; _builder_version=&#8221;4.16&#8243; background_color=&#8221;#fffff0&#8243; top_divider_style=&#8221;arrow3&#8243; top_divider_height=&#8221;36px&#8221; bottom_divider_style=&#8221;arrow3&#8243; bottom_divider_height=&#8221;36px&#8221; global_colors_info=&#8221;{}&#8221;][et_pb_row _builder_version=&#8221;4.16&#8243; global_colors_info=&#8221;{}&#8221;][et_pb_column type=&#8221;4_4&#8243; _builder_version=&#8221;4.16&#8243; custom_padding=&#8221;|||&#8221; global_colors_info=&#8221;{}&#8221; custom_padding__hover=&#8221;|||&#8221;][et_pb_team_member name=&#8221;Joel Vil&#8221; image_url=&#8221;http:\/\/empacho.net\/joelv\/wp-content\/uploads\/2018\/01\/foto-cv.jpg&#8221; facebook_url=&#8221;http:\/\/facebook.com\/joelb.vil&#8221; twitter_url=&#8221;http:\/\/twitter.com\/joel_vil&#8221; linkedin_url=&#8221;https:\/\/www.linkedin.com\/in\/joelvil&#8221; _builder_version=&#8221;4.16&#8243; header_level=&#8221;h2&#8243; border_radii_image=&#8221;on|8px|8px|8px|8px&#8221; box_shadow_style_image=&#8221;preset3&#8243; box_shadow_color_image=&#8221;rgba(127,127,82,0.9)&#8221; global_colors_info=&#8221;{}&#8221;]<\/p>\n<p><strong>Dise\u00f1ador, ilustrador, aficionado a la tecnolog\u00eda y entusiasta del copyleft.<\/strong><\/p>\n<p>Formaci\u00f3n Acad\u00e9mica:<\/p>\n<ul>\n<li>2014 Licenciatura en Dise\u00f1o. UAM &#8211; Cuajimalpa. (Trunca)<\/li>\n<li>2008 Licenciatura en Filosof\u00eda, FFyL, UNAM. (Trunca)<\/li>\n<li>2002 Escuela Nacional Preparatoria, Plantel N\u00fam. 6, UNAM<\/li>\n<\/ul>\n<p><span style=\"color: #999999;\">Nacionalidad: Mexicana. Edad: 39.<\/span><\/p>\n<p>[\/et_pb_team_member][\/et_pb_column][\/et_pb_row][\/et_pb_section][et_pb_section fb_built=&#8221;1&#8243; _builder_version=&#8221;4.16&#8243; background_color=&#8221;#ffffff&#8221; global_colors_info=&#8221;{}&#8221;][et_pb_row column_structure=&#8221;1_3,1_3,1_3&#8243; use_custom_gutter=&#8221;on&#8221; gutter_width=&#8221;4&#8243; _builder_version=&#8221;4.16&#8243; custom_padding=&#8221;|10%||10%&#8221; global_colors_info=&#8221;{}&#8221;][et_pb_column type=&#8221;1_3&#8243; _builder_version=&#8221;4.16&#8243; custom_padding=&#8221;|||&#8221; global_colors_info=&#8221;{}&#8221; custom_padding__hover=&#8221;|||&#8221;][et_pb_circle_counter title=&#8221;Dise\u00f1o Gr\u00e1fico&#8221; number=&#8221;90&#8243; bar_bg_color=&#8221;#3fb5d1&#8243; _builder_version=&#8221;4.27.5&#8243; number_text_color=&#8221;#1c769b&#8221; background_image=&#8221;https:\/\/empacho.net\/joelv\/wp-content\/uploads\/2017\/12\/knowledge-08-gimp.png&#8221; background_size=&#8221;contain&#8221; background_position=&#8221;top_center&#8221; global_colors_info=&#8221;{}&#8221;][\/et_pb_circle_counter][\/et_pb_column][et_pb_column type=&#8221;1_3&#8243; _builder_version=&#8221;4.27.5&#8243; _module_preset=&#8221;default&#8221; global_colors_info=&#8221;{}&#8221;][et_pb_circle_counter title=&#8221;Dise\u00f1o Web&#8221; number=&#8221;80&#8243; bar_bg_color=&#8221;#3fb5d1&#8243; _builder_version=&#8221;4.27.5&#8243; number_text_color=&#8221;#1c769b&#8221; background_image=&#8221;https:\/\/empacho.net\/joelv\/wp-content\/uploads\/2017\/12\/knowledge-07-hc.png&#8221; background_size=&#8221;contain&#8221; background_position=&#8221;top_center&#8221; hover_enabled=&#8221;0&#8243; global_colors_info=&#8221;{}&#8221; title_text=&#8221;knowledge-07-hc&#8221; sticky_enabled=&#8221;0&#8243;][\/et_pb_circle_counter][\/et_pb_column][et_pb_column type=&#8221;1_3&#8243; _builder_version=&#8221;4.16&#8243; custom_padding=&#8221;|||&#8221; global_colors_info=&#8221;{}&#8221; custom_padding__hover=&#8221;|||&#8221;][et_pb_circle_counter title=&#8221;Administaci\u00f3n Web&#8221; number=&#8221;70&#8243; bar_bg_color=&#8221;#016fba&#8221; _builder_version=&#8221;4.27.5&#8243; number_text_color=&#8221;#e44c25&#8243; background_image=&#8221;https:\/\/empacho.net\/joelv\/wp-content\/uploads\/2017\/12\/knowledge-06-wp.png&#8221; background_size=&#8221;contain&#8221; background_position=&#8221;top_center&#8221; hover_enabled=&#8221;0&#8243; global_colors_info=&#8221;{}&#8221; title_text=&#8221;knowledge-06-wp&#8221; sticky_enabled=&#8221;0&#8243;][\/et_pb_circle_counter][\/et_pb_column][\/et_pb_row][et_pb_row column_structure=&#8221;1_2,1_2&#8243; use_custom_gutter=&#8221;on&#8221; gutter_width=&#8221;4&#8243; _builder_version=&#8221;4.16&#8243; custom_padding=&#8221;|10%||10%&#8221; global_colors_info=&#8221;{}&#8221;][et_pb_column type=&#8221;1_2&#8243; _builder_version=&#8221;4.16&#8243; custom_padding=&#8221;|||&#8221; global_colors_info=&#8221;{}&#8221; custom_padding__hover=&#8221;|||&#8221;][et_pb_heading title=&#8221;Conocimiento de software:&#8221; _builder_version=&#8221;4.27.5&#8243; _module_preset=&#8221;default&#8221; title_level=&#8221;h4&#8243; global_colors_info=&#8221;{}&#8221;][\/et_pb_heading][et_pb_counters _builder_version=&#8221;4.27.5&#8243; title_font_size=&#8221;17&#8243; global_colors_info=&#8221;{}&#8221;][et_pb_counter percent=&#8221;90&#8243; _builder_version=&#8221;4.27.5&#8243; global_colors_info=&#8221;{}&#8221; bar_background_color_default=&#8221;#41d1e5&#8243; use_percentages=&#8221;on&#8221;]GIMP &#038; Inkscape[\/et_pb_counter][et_pb_counter percent=&#8221;80&#8243; _builder_version=&#8221;4.27.5&#8243; global_colors_info=&#8221;{}&#8221; bar_background_color_default=&#8221;#41d1e5&#8243; use_percentages=&#8221;on&#8221;]Photoshop &#038; Illustrator[\/et_pb_counter][et_pb_counter percent=&#8221;70&#8243; _builder_version=&#8221;4.27.5&#8243; global_colors_info=&#8221;{}&#8221; bar_background_color_default=&#8221;#41d1e5&#8243; use_percentages=&#8221;on&#8221;] InDesign [\/et_pb_counter][et_pb_counter percent=&#8221;70&#8243; _builder_version=&#8221;4.27.5&#8243; global_colors_info=&#8221;{}&#8221; bar_background_color_default=&#8221;#41d1e5&#8243; use_percentages=&#8221;on&#8221;]AutoCAD[\/et_pb_counter][et_pb_counter percent=&#8221;60&#8243; _builder_version=&#8221;4.27.5&#8243; global_colors_info=&#8221;{}&#8221; bar_background_color_default=&#8221;#41d1e5&#8243; use_percentages=&#8221;on&#8221;] CorleDraw [\/et_pb_counter][et_pb_counter percent=&#8221;60&#8243; _builder_version=&#8221;4.16&#8243; global_colors_info=&#8221;{}&#8221; bar_background_color_default=&#8221;#41d1e5&#8243; use_percentages=&#8221;on&#8221;] After Effects [\/et_pb_counter][et_pb_counter percent=&#8221;50&#8243; _builder_version=&#8221;4.16&#8243; global_colors_info=&#8221;{}&#8221; bar_background_color_default=&#8221;#41d1e5&#8243; use_percentages=&#8221;on&#8221;] Lightroom [\/et_pb_counter][\/et_pb_counters][\/et_pb_column][et_pb_column type=&#8221;1_2&#8243; _builder_version=&#8221;4.16&#8243; custom_padding=&#8221;|||&#8221; global_colors_info=&#8221;{}&#8221; custom_padding__hover=&#8221;|||&#8221;][et_pb_heading title=&#8221;Conocimiento de tecnolog\u00edas:&#8221; _builder_version=&#8221;4.27.5&#8243; _module_preset=&#8221;default&#8221; title_level=&#8221;h4&#8243; global_colors_info=&#8221;{}&#8221;][\/et_pb_heading][et_pb_counters _builder_version=&#8221;4.27.5&#8243; title_font_size=&#8221;17&#8243; global_colors_info=&#8221;{}&#8221;][et_pb_counter percent=&#8221;100&#8243; _builder_version=&#8221;4.27.5&#8243; global_colors_info=&#8221;{}&#8221; bar_background_color_default=&#8221;#41d1e5&#8243; use_percentages=&#8221;on&#8221;]HTML5 &#038; CSS3[\/et_pb_counter][et_pb_counter percent=&#8221;90&#8243; _builder_version=&#8221;4.27.5&#8243; global_colors_info=&#8221;{}&#8221; bar_background_color_default=&#8221;#41d1e5&#8243; use_percentages=&#8221;on&#8221;]Web Server Admin[\/et_pb_counter][et_pb_counter percent=&#8221;80&#8243; _builder_version=&#8221;4.27.5&#8243; global_colors_info=&#8221;{}&#8221; bar_background_color_default=&#8221;#41d1e5&#8243; use_percentages=&#8221;on&#8221;]WordPress Admin &#038; Theming[\/et_pb_counter][et_pb_counter percent=&#8221;60&#8243; _builder_version=&#8221;4.27.5&#8243; global_colors_info=&#8221;{}&#8221; bar_background_color_default=&#8221;#41d1e5&#8243; use_percentages=&#8221;on&#8221;]Javascript &#038; PHP[\/et_pb_counter][et_pb_counter percent=&#8221;30&#8243; _builder_version=&#8221;4.27.5&#8243; global_colors_info=&#8221;{}&#8221; bar_background_color_default=&#8221;#41d1e5&#8243; use_percentages=&#8221;on&#8221;]Bootstrap &#038; JQuery[\/et_pb_counter][\/et_pb_counters][\/et_pb_column][\/et_pb_row][et_pb_row _builder_version=&#8221;4.16&#8243; custom_margin_last_edited=&#8221;off|desktop&#8221; global_colors_info=&#8221;{}&#8221;][et_pb_column type=&#8221;4_4&#8243; _builder_version=&#8221;4.16&#8243; custom_padding=&#8221;|||&#8221; global_colors_info=&#8221;{}&#8221; custom_padding__hover=&#8221;|||&#8221;][et_pb_divider color=&#8221;#e591bb&#8221; divider_weight=&#8221;2&#8243; _builder_version=&#8221;4.16&#8243; max_width=&#8221;36%&#8221; module_alignment=&#8221;center&#8221; height=&#8221;48px&#8221; global_colors_info=&#8221;{}&#8221;][\/et_pb_divider][et_pb_text _builder_version=&#8221;4.16&#8243; text_orientation=&#8221;center&#8221; global_colors_info=&#8221;{}&#8221;]<\/p>\n<h2>Experiencia Laboral<\/h2>\n<p>[\/et_pb_text][et_pb_text _builder_version=&#8221;4.27.0&#8243; custom_padding=&#8221;|10%||10%&#8221; custom_padding_tablet=&#8221;&#8221; custom_padding_phone=&#8221;&#8221; custom_padding_last_edited=&#8221;on|desktop&#8221; custom_css_main_element=&#8221;text-indent: -2.4em;||margin-left: 2.4em;&#8221; global_colors_info=&#8221;{}&#8221;]<span style=\"color: #808080;\"><sup>2024<\/sup><\/span> <strong>Dise\u00f1o web para Campa Design<\/strong><br \/>\nDesarrollo y dise\u00f1o UI del sitio <a href=\"https:\/\/thecompletecoverage.com\/\">thecompletecoverage.com<\/a> en WordPress.<\/p>\n<p><span style=\"color: #808080;\"><sup>2021<\/sup><\/span> <strong>T\u00e9cnico en soporte de computadoras, en ALEGRA<\/strong><br \/>\nSoporte t\u00e9cnico para PCs, software y redes empresariales.<\/p>\n<p><span style=\"color: #808080;\"><sup>2019<\/sup><\/span> <strong>Dise\u00f1o Web, en B1tPr0f1t<\/strong><br \/>\nDise\u00f1o de interfaz y elementos gr\u00e1ficos para los sitios web monaliza.mx, tmdgglobal.com y tastybajaride.com<\/p>\n<p><span style=\"color: #808080;\"><sup>2019<\/sup><\/span> <strong>Dise\u00f1o Gr\u00e1fico, en 4.d<\/strong><br \/>\nDise\u00f1o gr\u00e1fico de m\u00f3dulos interactivos.<\/p>\n<p><span style=\"color: #808080;\"><sup>2018<\/sup><\/span> <strong>Dise\u00f1o Web para Grupo Pro-Motion<\/strong><br \/>\nDise\u00f1o gr\u00e1fico e implementaci\u00f3n el sitio web grupopromotion.com<\/p>\n<p><span style=\"color: #808080;\"><sup>2018<\/sup><\/span> <strong>Dise\u00f1o Web para Hipatia<\/strong><br \/>\nDise\u00f1o de interfaz y elementos gr\u00e1ficos para el sitio web hipatia.mx<\/p>\n<p><span style=\"color: #808080;\"><sup>2018<\/sup><\/span> <strong>Dise\u00f1o Web para Los Pinches Chamacos<\/strong><br \/>\nDise\u00f1o gr\u00e1fico e implementaci\u00f3n del sitio web lospincheschamacos.com<\/p>\n<p><span style=\"color: #808080;\"><sup>2018<\/sup><\/span> <strong>Dise\u00f1o Web para AstroEner Solar<\/strong><br \/>\nDise\u00f1o gr\u00e1fico e implementaci\u00f3n del sitio web astroener.solar<\/p>\n<p><span style=\"color: #808080;\"><sup>2017<\/sup><\/span> <strong>Dise\u00f1o Web para EMOSSA<\/strong><br \/>\nDise\u00f1o gr\u00e1fico e implementaci\u00f3n de ecommerce para sitio web emossa.com<\/p>\n<p><span style=\"color: #808080;\"><sup>2015<\/sup><\/span> <strong>Dise\u00f1o de Identidad Visual, para la SIBOT de la UAM<\/strong><br \/>\nIdentidad para conferencias \u201cDesarrollo profesional, inserci\u00f3n laboral y emprendedurismo\u201d<\/p>\n<p><span style=\"color: #808080;\"><sup>2015<\/sup><\/span> <strong>Dise\u00f1ador Web, en Machete Apps<\/strong><br \/>\nDise\u00f1o de interfaz y elementos gr\u00e1ficos para sitio web www.sugarox.com.<\/p>\n<p><span style=\"color: #808080;\"><sup>2015<\/sup><\/span> <strong>Implementaci\u00f3n web, en Marakame Dise\u00f1o<\/strong><br \/>\nDise\u00f1o y mantenimiento del portal del Comunic\u00f3logo Miguel de la Cruz.<\/p>\n<p><span style=\"color: #808080;\"><sup>2014<\/sup><\/span> <strong>Dise\u00f1o e implmentaci\u00f3n web, para TuluX<\/strong><br \/>\nDise\u00f1o y mantenimiento del portal de Sistemas Solares de Electricidad,TuluX.<\/p>\n<p><span style=\"color: #808080;\"><sup>2014<\/sup><\/span> <strong>Dise\u00f1o de Identidad Visual, para la OTC de la UAM-C<\/strong><br \/>\nDise\u00f1o de manual de identidad para la Oficina de Transferncia de Conocimiento.<\/p>\n<p><span style=\"color: #808080;\"><sup>2014<\/sup><\/span> <strong>Dise\u00f1ador de interfaz, en Machete Apps<\/strong><br \/>\nDise\u00f1o de aplicaci\u00f3n web para pedidos de dulces artesanales, para Sugarox.<\/p>\n<p><span style=\"color: #808080;\"><sup>2014<\/sup><\/span> <strong>Dise\u00f1o e implementaci\u00f3n web, en Marakame Dise\u00f1o<\/strong><br \/>\nDise\u00f1o y mantenimiento del portal de la compa\u00f1\u00eda de teatro El Fenix Producciones.<\/p>\n<p><span style=\"color: #808080;\"><sup>2014<\/sup><\/span> <strong>Dise\u00f1o gr\u00e1fico, para la Escuela de Artes y Oficios de la UAM-C<\/strong><br \/>\nDise\u00f1o de la invitaci\u00f3n y carteles para la exposici\u00f3n \u201cFundacinonal\u201d.<\/p>\n<p><span style=\"color: #808080;\"><sup>2013<\/sup><\/span> <strong>Dise\u00f1ador gr\u00e1fico, en Xiba Games (antes \u201cLeko Games\u201d)<\/strong><br \/>\nMaquetaci\u00f3n, dise\u00f1o de manual biling\u00fce y elementos gr\u00e1ficos para los juegos de mesa de estilo europeo: \u201cLa Tumba del Rey Pakal\u201d y \u201cEl Jard\u00edn Bot\u00e1nico de Tehuac\u00e1n\u201d.<\/p>\n<p><span style=\"color: #808080;\"><sup>2012<\/sup><\/span> <strong>Coordinador de dise\u00f1o, en Museo Puertas Abiertas<\/strong><br \/>\nDesarrollo e implementaci\u00f3n de la imagen gr\u00e1fica del museo.<\/p>\n<p><span style=\"color: #808080;\"><sup>2012<\/sup><\/span> <strong>Dise\u00f1ador gr\u00e1fico, para Mossa<\/strong><br \/>\nDise\u00f1o e implementaci\u00f3n de la imagen gr\u00e1fica para la cadena de zapater\u00edas Mossa.<\/p>\n<p><span style=\"color: #808080;\"><sup>2011<\/sup><\/span> <strong>Dise\u00f1ador gr\u00e1fico, en Leko Games<\/strong><br \/>\nMaquetaci\u00f3n y dise\u00f1o de elementos gr\u00e1ficos para el juego \u201cCazadores de F\u00f3siles\u201d.[\/et_pb_text][\/et_pb_column][\/et_pb_row][et_pb_row _builder_version=&#8221;4.16&#8243; background_size=&#8221;initial&#8221; background_position=&#8221;top_left&#8221; background_repeat=&#8221;repeat&#8221; global_colors_info=&#8221;{}&#8221;][et_pb_column type=&#8221;4_4&#8243; _builder_version=&#8221;4.16&#8243; custom_padding=&#8221;|||&#8221; global_colors_info=&#8221;{}&#8221; custom_padding__hover=&#8221;|||&#8221;][et_pb_divider color=&#8221;#e591bb&#8221; divider_weight=&#8221;2&#8243; _builder_version=&#8221;4.16&#8243; max_width=&#8221;36%&#8221; module_alignment=&#8221;center&#8221; height=&#8221;48px&#8221; global_colors_info=&#8221;{}&#8221;][\/et_pb_divider][et_pb_text _builder_version=&#8221;4.16&#8243; text_orientation=&#8221;center&#8221; global_colors_info=&#8221;{}&#8221;]<\/p>\n<h2>Experiencia Adicional<\/h2>\n<p>[\/et_pb_text][et_pb_text _builder_version=&#8221;4.16&#8243; custom_padding=&#8221;|10%||10%&#8221; custom_css_main_element=&#8221;text-indent: -2.4em;||margin-left: 2.4em;&#8221; global_colors_info=&#8221;{}&#8221;]<span style=\"color: #808080;\"><sup>2009<\/sup><\/span> <strong>Asesor\u00edas particulares.<\/strong><br \/>\nHasta la fecha doy clases de espa\u00f1ol, l\u00f3gica, \u00e9tica, filosof\u00eda, historia y biolog\u00eda estudiante de secundaria y preparatoria.<\/p>\n<p><span style=\"color: #808080;\"><sup>2009<\/sup><\/span> <strong>Reparaci\u00f3n de PCs<\/strong><br \/>\nCertificaci\u00f3n del CECATI 9, SEP.<\/p>\n<p><span style=\"color: #808080;\"><sup>2008<\/sup><\/span> <strong>Estudios b\u00e1sicos de Lat\u00edn<\/strong><br \/>\nCurso de Lat\u00edn I, II, II, IV en la FFyL, UNAM.<br \/>\n[\/et_pb_text][\/et_pb_column][\/et_pb_row][\/et_pb_section][et_pb_section fb_built=&#8221;1&#8243; _builder_version=&#8221;4.16&#8243; global_colors_info=&#8221;{}&#8221;][et_pb_row _builder_version=&#8221;4.16&#8243; global_colors_info=&#8221;{}&#8221;][et_pb_column type=&#8221;4_4&#8243; _builder_version=&#8221;4.16&#8243; custom_padding=&#8221;|||&#8221; global_colors_info=&#8221;{}&#8221; custom_padding__hover=&#8221;|||&#8221;][et_pb_cta title=&#8221;\u00bfNecesitas m\u00e1s informaci\u00f3n?&#8221; button_url=&#8221;@ET-DC@eyJkeW5hbWljIjp0cnVlLCJjb250ZW50IjoicG9zdF9saW5rX3VybF9wYWdlIiwic2V0dGluZ3MiOnsicG9zdF9pZCI6IjE4NSJ9fQ==@&#8221; button_text=&#8221;Cont\u00e1ctame&#8221; _builder_version=&#8221;4.18.0&#8243; _dynamic_attributes=&#8221;button_url&#8221; background_color=&#8221;#fffff4&#8243; background_color_gradient_direction=&#8221;135deg&#8221; custom_button=&#8221;on&#8221; button_text_color=&#8221;#8300E9&#8243; button_border_color=&#8221;#41d1e5&#8243; background_layout=&#8221;light&#8221; border_radii=&#8221;on|8px|8px|8px|8px&#8221; box_shadow_style=&#8221;preset3&#8243; box_shadow_color=&#8221;rgba(127,127,82,0.3)&#8221; button_bg_color_hover=&#8221;#ffffff&#8221; global_colors_info=&#8221;{}&#8221; button_text_size__hover_enabled=&#8221;off&#8221; button_one_text_size__hover_enabled=&#8221;off&#8221; button_two_text_size__hover_enabled=&#8221;off&#8221; button_text_color__hover_enabled=&#8221;off&#8221; button_one_text_color__hover_enabled=&#8221;off&#8221; button_two_text_color__hover_enabled=&#8221;off&#8221; button_border_width__hover_enabled=&#8221;off&#8221; button_one_border_width__hover_enabled=&#8221;off&#8221; button_two_border_width__hover_enabled=&#8221;off&#8221; button_border_color__hover_enabled=&#8221;off&#8221; button_one_border_color__hover_enabled=&#8221;off&#8221; button_two_border_color__hover_enabled=&#8221;off&#8221; button_border_radius__hover_enabled=&#8221;off&#8221; button_one_border_radius__hover_enabled=&#8221;off&#8221; button_two_border_radius__hover_enabled=&#8221;off&#8221; button_letter_spacing__hover_enabled=&#8221;off&#8221; button_one_letter_spacing__hover_enabled=&#8221;off&#8221; button_two_letter_spacing__hover_enabled=&#8221;off&#8221; button_bg_color__hover_enabled=&#8221;on&#8221; button_bg_color__hover=&#8221;#ffffff&#8221; button_one_bg_color__hover_enabled=&#8221;off&#8221; button_two_bg_color__hover_enabled=&#8221;off&#8221;][\/et_pb_cta][\/et_pb_column][\/et_pb_row][\/et_pb_section][et_pb_section fb_built=&#8221;1&#8243; prev_background_color=&#8221;#ffffff&#8221; _builder_version=&#8221;4.16&#8243; background_color=&#8221;#fcf9ce&#8221; top_divider_style=&#8221;arrow3&#8243; top_divider_height=&#8221;36px&#8221; global_colors_info=&#8221;{}&#8221;][et_pb_row _builder_version=&#8221;4.16&#8243; background_size=&#8221;initial&#8221; background_position=&#8221;top_left&#8221; background_repeat=&#8221;repeat&#8221; global_colors_info=&#8221;{}&#8221;][et_pb_column type=&#8221;4_4&#8243; _builder_version=&#8221;4.16&#8243; custom_padding=&#8221;|||&#8221; global_colors_info=&#8221;{}&#8221; custom_padding__hover=&#8221;|||&#8221;][et_pb_text _builder_version=&#8221;4.18.0&#8243; text_orientation=&#8221;center&#8221; global_colors_info=&#8221;{}&#8221;]<\/p>\n<p><em>Actualizado el 3 de julio de 2023.<\/em><\/p>\n<p>[\/et_pb_text][\/et_pb_column][\/et_pb_row][\/et_pb_section]<\/p>\n","protected":false},"excerpt":{"rendered":"<p>Cirriculum Vitae Dise\u00f1ador, ilustrador, aficionado a la tecnolog\u00eda y entusiasta del copyleft. Formaci\u00f3n Acad\u00e9mica: 2014 Licenciatura en Dise\u00f1o. UAM &#8211; Cuajimalpa. (Trunca) 2008 Licenciatura en Filosof\u00eda, FFyL, UNAM. (Trunca) 2002 Escuela Nacional Preparatoria, Plantel N\u00fam. 6, UNAM Nacionalidad: Mexicana. Edad: 39.GIMP &#038; InkscapePhotoshop &#038; Illustrator InDesign AutoCAD CorleDraw After Effects Lightroom HTML5 &#038; CSS3Web Server [&hellip;]<\/p>\n","protected":false},"author":1,"featured_media":0,"parent":0,"menu_order":0,"comment_status":"closed","ping_status":"closed","template":"","meta":{"_et_pb_use_builder":"on","_et_pb_old_content":"","_et_gb_content_width":"","footnotes":""},"class_list":["post-225","page","type-page","status-publish","hentry"],"_links":{"self":[{"href":"https:\/\/empacho.net\/joelv\/wp-json\/wp\/v2\/pages\/225","targetHints":{"allow":["GET"]}}],"collection":[{"href":"https:\/\/empacho.net\/joelv\/wp-json\/wp\/v2\/pages"}],"about":[{"href":"https:\/\/empacho.net\/joelv\/wp-json\/wp\/v2\/types\/page"}],"author":[{"embeddable":true,"href":"https:\/\/empacho.net\/joelv\/wp-json\/wp\/v2\/users\/1"}],"replies":[{"embeddable":true,"href":"https:\/\/empacho.net\/joelv\/wp-json\/wp\/v2\/comments?post=225"}],"version-history":[{"count":5,"href":"https:\/\/empacho.net\/joelv\/wp-json\/wp\/v2\/pages\/225\/revisions"}],"predecessor-version":[{"id":2626,"href":"https:\/\/empacho.net\/joelv\/wp-json\/wp\/v2\/pages\/225\/revisions\/2626"}],"wp:attachment":[{"href":"https:\/\/empacho.net\/joelv\/wp-json\/wp\/v2\/media?parent=225"}],"curies":[{"name":"wp","href":"https:\/\/api.w.org\/{rel}","templated":true}]}}